{"id":625,"date":"2025-02-11T09:08:41","date_gmt":"2025-02-11T07:08:41","guid":{"rendered":"https:\/\/archiesguitaracademy.com\/?page_id=625"},"modified":"2025-02-17T10:11:54","modified_gmt":"2025-02-17T08:11:54","slug":"vibrato-masterclass","status":"publish","type":"page","link":"https:\/\/archiesguitaracademy.com\/fi\/vibrato-masterclass\/","title":{"rendered":"Vibrato Masterclass"},"content":{"rendered":"\t\t<div class=\"woocommerce\">\n\t\t\t<div class=\"woocommerce-info wc-memberships-restriction-message wc-memberships-message wc-memberships-content-restricted-message\">\n\t\t\t\tN\u00e4hd\u00e4ksesi t\u00e4m\u00e4n sivun sis\u00e4ll\u00f6n, hankithan tuotteen <span class=\"wc-memberships-products-grant-access\"><a href=\"https:\/\/archiesguitaracademy.com\/tuote\/vibrato-masterclass\/\">Vibrato Masterclass<\/a>, <a href=\"https:\/\/archiesguitaracademy.com\/fi\/tuote\/vibrato-masterclass\/\">Vibrato Masterclass<\/a>, <a href=\"https:\/\/archiesguitaracademy.com\/tuote\/subscription\/\">Basic Subscription<\/a> tai <a href=\"https:\/\/archiesguitaracademy.com\/tuote\/vip-subscription\/\">VIP Subscription<\/a><\/span>.\n\t\t    <\/div>\n\t\t<\/div>\n\t\t","protected":false},"excerpt":{"rendered":"\n<div class=\"woocommerce\">\n<div class=\"woocommerce-info wc-memberships-restriction-message wc-memberships-message wc-memberships-content-restricted-message\">\n\t\t\t\tN\u00e4hd\u00e4ksesi t\u00e4m\u00e4n sivun sis\u00e4ll\u00f6n, hankithan tuotteen <span class=\"wc-memberships-products-grant-access\"><a href=\"https:\/\/archiesguitaracademy.com\/tuote\/vibrato-masterclass\/\">Vibrato Masterclass<\/a>, <a href=\"https:\/\/archiesguitaracademy.com\/fi\/tuote\/vibrato-masterclass\/\">Vibrato Masterclass<\/a>, <a href=\"https:\/\/archiesguitaracademy.com\/tuote\/subscription\/\">Basic Subscription<\/a> tai <a href=\"https:\/\/archiesguitaracademy.com\/tuote\/vip-subscription\/\">VIP Subscription<\/a><\/span>.\n\t\t    <\/div>\n<\/p><\/div>\n","protected":false},"author":1,"featured_media":0,"parent":0,"menu_order":0,"comment_status":"closed","ping_status":"closed","template":"","meta":{"footnotes":""},"class_list":{"0":"post-625","1":"page","2":"type-page","3":"status-publish","5":"membership-content","6":"access-restricted"},"_links":{"self":[{"href":"https:\/\/archiesguitaracademy.com\/fi\/wp-json\/wp\/v2\/pages\/625","targetHints":{"allow":["GET"]}}],"collection":[{"href":"https:\/\/archiesguitaracademy.com\/fi\/wp-json\/wp\/v2\/pages"}],"about":[{"href":"https:\/\/archiesguitaracademy.com\/fi\/wp-json\/wp\/v2\/types\/page"}],"author":[{"embeddable":true,"href":"https:\/\/archiesguitaracademy.com\/fi\/wp-json\/wp\/v2\/users\/1"}],"replies":[{"embeddable":true,"href":"https:\/\/archiesguitaracademy.com\/fi\/wp-json\/wp\/v2\/comments?post=625"}],"version-history":[{"count":1,"href":"https:\/\/archiesguitaracademy.com\/fi\/wp-json\/wp\/v2\/pages\/625\/revisions"}],"predecessor-version":[{"id":626,"href":"https:\/\/archiesguitaracademy.com\/fi\/wp-json\/wp\/v2\/pages\/625\/revisions\/626"}],"wp:attachment":[{"href":"https:\/\/archiesguitaracademy.com\/fi\/wp-json\/wp\/v2\/media?parent=625"}],"curies":[{"name":"wp","href":"https:\/\/api.w.org\/{rel}","templated":true}]}}