{"id":687,"date":"2025-02-18T10:27:00","date_gmt":"2025-02-18T08:27:00","guid":{"rendered":"https:\/\/archiesguitaracademy.com\/?page_id=687"},"modified":"2025-03-12T13:56:19","modified_gmt":"2025-03-12T11:56:19","slug":"tilausehdot","status":"publish","type":"page","link":"https:\/\/archiesguitaracademy.com\/fi\/tilausehdot\/","title":{"rendered":"Tilausehdot"},"content":{"rendered":"[vc_row type=&#8221;full_width_background&#8221; full_screen_row_position=&#8221;middle&#8221; column_margin=&#8221;none&#8221; equal_height=&#8221;yes&#8221; content_placement=&#8221;middle&#8221; column_direction=&#8221;default&#8221; column_direction_tablet=&#8221;default&#8221; column_direction_phone=&#8221;default&#8221; bg_image=&#8221;582&#8243; bg_position=&#8221;center center&#8221; background_image_loading=&#8221;default&#8221; bg_repeat=&#8221;no-repeat&#8221; scene_position=&#8221;center&#8221; top_padding=&#8221;210&#8243; bottom_padding=&#8221;180&#8243; top_padding_phone=&#8221;35&#8243; bottom_padding_phone=&#8221;35&#8243; text_color=&#8221;dark&#8221; text_align=&#8221;left&#8221; row_border_radius=&#8221;none&#8221; row_border_radius_applies=&#8221;inner&#8221; overflow=&#8221;visible&#8221; enable_gradient=&#8221;true&#8221; color_overlay=&#8221;rgba(0,0,0,0.94)&#8221; color_overlay_2=&#8221;#e20d0d&#8221; overlay_strength=&#8221;0.8&#8243; gradient_direction=&#8221;top_to_bottom&#8221; enable_shape_divider=&#8221;true&#8221; shape_divider_color=&#8221;#111111&#8243; shape_divider_position=&#8221;bottom&#8221; shape_divider_height=&#8221;250&#8243; bg_image_animation=&#8221;none&#8221; parallax_bg=&#8221;true&#8221; parallax_bg_speed=&#8221;fast&#8221; gradient_type=&#8221;default&#8221; shape_type=&#8221;mountains&#8221;][vc_column column_padding=&#8221;no-extra-padding&#8221; column_padding_tablet=&#8221;inherit&#8221; column_padding_phone=&#8221;inherit&#8221; column_padding_position=&#8221;all&#8221; column_element_direction_desktop=&#8221;default&#8221; column_element_spacing=&#8221;default&#8221; desktop_text_alignment=&#8221;default&#8221; tablet_text_alignment=&#8221;default&#8221; phone_text_alignment=&#8221;default&#8221; background_color_opacity=&#8221;1&#8243; background_hover_color_opacity=&#8221;1&#8243; column_backdrop_filter=&#8221;none&#8221; column_shadow=&#8221;none&#8221; column_border_radius=&#8221;5px&#8221; column_link_target=&#8221;_self&#8221; column_position=&#8221;default&#8221; gradient_direction=&#8221;left_to_right&#8221; overlay_strength=&#8221;0.3&#8243; width=&#8221;1\/1&#8243; tablet_width_inherit=&#8221;default&#8221; animation_type=&#8221;default&#8221; bg_image_animation=&#8221;none&#8221; border_type=&#8221;simple&#8221; column_border_width=&#8221;none&#8221; column_border_color=&#8221;#5e5e5e&#8221; column_border_style=&#8221;solid&#8221; column_padding_type=&#8221;default&#8221; gradient_type=&#8221;default&#8221;][split_line_heading animation_type=&#8221;line-reveal-by-space&#8221; font_style=&#8221;h1&#8243; text_color=&#8221;#ffffff&#8221; line_reveal_by_space_text_effect=&#8221;default&#8221; content_alignment=&#8221;center&#8221; mobile_content_alignment=&#8221;inherit&#8221; link_target=&#8221;_self&#8221; text_content=&#8221;Tilausehdot&#8221; font_size=&#8221;55&#8243; text_direction=&#8221;default&#8221;][\/split_line_heading][\/vc_column][\/vc_row][vc_row type=&#8221;in_container&#8221; full_screen_row_position=&#8221;middle&#8221; column_margin=&#8221;default&#8221; column_direction=&#8221;default&#8221; column_direction_tablet=&#8221;default&#8221; column_direction_phone=&#8221;default&#8221; scene_position=&#8221;center&#8221; top_padding=&#8221;80&#8243; text_color=&#8221;dark&#8221; text_align=&#8221;left&#8221; row_border_radius=&#8221;none&#8221; row_border_radius_applies=&#8221;bg&#8221; overflow=&#8221;visible&#8221; overlay_strength=&#8221;0.3&#8243; gradient_direction=&#8221;left_to_right&#8221; shape_divider_position=&#8221;bottom&#8221; bg_image_animation=&#8221;none&#8221; gradient_type=&#8221;default&#8221; shape_type=&#8221;&#8221;][vc_column column_padding=&#8221;no-extra-padding&#8221; column_padding_tablet=&#8221;inherit&#8221; column_padding_phone=&#8221;inherit&#8221; column_padding_position=&#8221;all&#8221; column_element_direction_desktop=&#8221;default&#8221; column_element_spacing=&#8221;default&#8221; desktop_text_alignment=&#8221;default&#8221; tablet_text_alignment=&#8221;default&#8221; phone_text_alignment=&#8221;default&#8221; background_color_opacity=&#8221;1&#8243; background_hover_color_opacity=&#8221;1&#8243; column_backdrop_filter=&#8221;none&#8221; column_shadow=&#8221;none&#8221; column_border_radius=&#8221;none&#8221; column_link_target=&#8221;_self&#8221; column_position=&#8221;default&#8221; gradient_direction=&#8221;left_to_right&#8221; overlay_strength=&#8221;0.3&#8243; width=&#8221;1\/1&#8243; tablet_width_inherit=&#8221;default&#8221; animation_type=&#8221;default&#8221; bg_image_animation=&#8221;none&#8221; border_type=&#8221;simple&#8221; column_border_width=&#8221;none&#8221; column_border_style=&#8221;solid&#8221;][vc_column_text text_direction=&#8221;default&#8221; css=&#8221;.vc_custom_1741780578048{padding-top: 20px !important;}&#8221;]\n<h2>Yleist\u00e4<\/h2>\n<p>Young \u2018n\u2019 Restless Productions (2445280-2) myy tuotteita ja paveluita yksityishenkil\u00f6ille EU-alueelle sek\u00e4 sen ulkopuolelle. N\u00e4m\u00e4 toimitusehdot soveltuvat tuotteiden tilaamiseen verkkokaupassamme.<\/p>\n<p>Toimitusehtomme ovat voimassa 17.2.2025 alkaen. Voimme muuttaa toimitusehtoja yksipuolisesti aika ajoin, joten tutustuthan toimitusehtoihimme joka kerta etuk\u00e4teen kun tilaat tuotteita verkkokaupastamme.<\/p>\n<h2>Asiakaspalvelu<\/h2>\n<p>Autamme sinua mielell\u00e4mme tilaukseesi liittyviss\u00e4 kysymyksiss\u00e4. Otathan yhteytt\u00e4:<\/p>\n<p>info@archiesguitaracademy.com<\/p>\n<p>Young \u2018n\u2019 Restless Productions<br \/>\nSkutholminkaari 14<br \/>\n00890 Helsinki<br \/>\nY-tunnus: 2445280-2<\/p>\n<p><strong>Tekninen tuki<\/strong>: tech@archiesguitaracademy.com[\/vc_column_text][vc_text_separator title=&#8221;&#8221; color=&#8221;custom&#8221; accent_color=&#8221;#666666&#8243; css=&#8221;.vc_custom_1739872739068{padding-top: 30px !important;padding-bottom: 30px !important;}&#8221;][vc_column_text text_direction=&#8221;default&#8221;]\n<h2>Tuotteet ja tuotehinnat<\/h2>\n<p>Verkkokaupan tuotteiden ominaisuudet ja hinnat on esitetty kunkin tuotteen tuote-esittelyn yhteydess\u00e4. Pid\u00e4t\u00e4mme oikeuden hintojen muutoksiin, joten tarkastathan ko. hinnat ostoskorista ennen kuin hyv\u00e4ksyt tilauksen.<\/p>\n<p>Kaikki tuotteiden hinnat esitet\u00e4\u00e4n euroina ja ne sis\u00e4lt\u00e4v\u00e4t arvonlis\u00e4veron 25,5%.<\/p>\n<h2>Tilaaminen ja sopimus<\/h2>\n<p>Voit tilata tuotteita verkkokauppamme kotisivuilla siirt\u00e4m\u00e4ll\u00e4 niit\u00e4 ostoskoriin ja vahvistamalla tilauksen ja maksamalla ostoskorin sis\u00e4ll\u00f6n maksupalvelussa. Tilatessasi verkkokaupastamme sinun edellytet\u00e4\u00e4n tutustuneen ja sitoutuneen kulloinkin voimassa oleviin toimitusehtoihimme. Ymm\u00e4rr\u00e4t, ett\u00e4 hyv\u00e4ksym\u00e4si ja vahvistamamme tilauksesi on, paitsi silt\u00e4 osin mit\u00e4 my\u00f6hemmin mainitaan peruttamisoikeudesta, sitova ja synnytt\u00e4\u00e4 n\u00e4iden toimitusehtojen kanssa sopimuksen v\u00e4lillemme.<\/p>\n<h2>Tilaus- ja maksuvahvistus<\/h2>\n<p>Onnistuneen tilauksen j\u00e4lkeen s\u00e4hk\u00f6postiisi l\u00e4hetet\u00e4\u00e4n tilausvahvistus, joten annathan s\u00e4hk\u00f6postiosoitteesi kun teet tilauksen. Tilausvahvistuksessa vahvistetaan my\u00f6s k\u00e4ytetty maksutapa.<\/p>\n<h2>Tilauksen tai ajanvarauksen peruuttaminen<\/h2>\n<p>Asiakas voi peruuttaa kuukausiveloitteisen Subscription-tilauksensa \u2019Oma tili\u2019-osiossa haluamanaan aikana. Oikeus tilattuihin sis\u00e4lt\u00f6ihin poistuu tilausjakson viimeisen voimassaolop\u00e4iv\u00e4n j\u00e4lkeen.<\/p>\n<p>Ajanvarauskalenterin kautta varatun, paikan p\u00e4\u00e4ll\u00e4 tapahtuvan opetustunnin peruuttaminen t\u00e4ytyy suorittaa 24 tuntia etuk\u00e4teen. Peruuttamatta j\u00e4tetyst\u00e4 tunnista veloitamme 50% tunnin hinnasta.<\/p>\n<h2>K\u00e4yt\u00f6ss\u00e4si olevat maksutavat<\/h2>\n<h3>Paytrail<\/h3>\n<p>Maksunv\u00e4lityspalvelun toteuttajana ja maksupalveluntarjoajana toimii Paytrail Oyj (2122839-7) yhteisty\u00f6ss\u00e4 suomalaisten pankkien ja luottolaitosten kanssa. Paytrail Oyj n\u00e4kyy maksun saajana tiliotteella tai korttilaskulla ja v\u00e4litt\u00e4\u00e4 maksun kauppiaalle. Paytrail Oyj:ll\u00e4 on maksulaitoksen toimilupa. Reklamaatiotapauksissa pyyd\u00e4mme ottamaan ensisijaisesti yhteytt\u00e4 tuotteen toimittajaan.<\/p>\n<p>Paytrail Oyj, y-tunnus: 2122839-7<br \/>\nInnova 2<br \/>\nLutakonaukio 7<br \/>\n40100 Jyv\u00e4skyl\u00e4<br \/>\nPuhelin: 0207 181830<br \/>\nwww.paytrail.com<\/p>\n<p>Paytrailin maksutavat:<\/p>\n<p>&#8211; kotimaiset verkkopankit<br \/>\n&#8211; luottokortit<br \/>\n&#8211; mobiilimaksaminen<\/p>\n<h3>PayPal<\/h3>\n<p>Mik\u00e4li haluat maksaa tilauksesi PayPal-tililt\u00e4si, valitse kyseinen maksutapa verkkokaupastamme ja jatka eteenp\u00e4in. Sinut siirret\u00e4\u00e4n tilauksen p\u00e4\u00e4tteeksi automaattisesti PayPal-palveluun, jossa voit suorittaa maksun omalta PayPal-tililt\u00e4si.<\/p>\n<h2>Maksamisen erityisehdot<\/h2>\n<p>HUOM! Kuukausiveloitteista Subscription-palvelua ostaessasi maksutapana toimii ainoastaan korttimaksu.<\/p>\n<p>Ajanvarauskalenterin kautta varatun, paikan p\u00e4\u00e4ll\u00e4 tapahtuvan opetustunnin maksaminen tapahtuu paikan p\u00e4\u00e4ll\u00e4 (k\u00e4teinen tai MobilePay).<\/p>\n<p>Pid\u00e4t\u00e4mme oikeuden olla tarjoamatta kaikkia maksutapoja kaikille asiakkaillemme. T\u00e4llaisessa tilanteessa asiakas voi tehd\u00e4 tilauksen k\u00e4ytt\u00e4en saatavilla olevia maksutapoja.<\/p>\n<h2>Erimielisyydet<\/h2>\n<p>Pyrimme sopimaan tilaustasi koskevat mahdolliset erimielisyydet ensisijaisesti sopimalla, joten otathan ensisijassa yhteytt\u00e4 Asiakaspalveluumme sopiaksemme asian.<\/p>\n<p>Jos kauppasopimusta koskevaa erimielisyytt\u00e4 ei saada ratkaistuksi osapuolten v\u00e4lisill\u00e4 neuvotteluilla, kuluttaja voi saattaa asian kuluttajariitalautakunnan (www.kuluttajariita.fi) ratkaistavaksi. Ennen asian viemist\u00e4 kuluttajariitalautakunnan k\u00e4sittelyyn kuluttajan tulee olla yhteydess\u00e4 maistraattien kuluttajaneuvontaan (www.kuluttajaneuvonta.fi).[\/vc_column_text][\/vc_column][\/vc_row]\n","protected":false},"excerpt":{"rendered":"<p>[vc_row type=&#8221;full_width_background&#8221; full_screen_row_position=&#8221;middle&#8221; column_margin=&#8221;none&#8221; equal_height=&#8221;yes&#8221; content_placement=&#8221;middle&#8221; column_direction=&#8221;default&#8221; column_direction_tablet=&#8221;default&#8221; column_direction_phone=&#8221;default&#8221; bg_image=&#8221;582&#8243; bg_position=&#8221;center center&#8221; background_image_loading=&#8221;default&#8221; bg_repeat=&#8221;no-repeat&#8221; scene_position=&#8221;center&#8221; top_padding=&#8221;210&#8243; bottom_padding=&#8221;180&#8243; top_padding_phone=&#8221;35&#8243; bottom_padding_phone=&#8221;35&#8243; text_color=&#8221;dark&#8221; text_align=&#8221;left&#8221; row_border_radius=&#8221;none&#8221; row_border_radius_applies=&#8221;inner&#8221; overflow=&#8221;visible&#8221; enable_gradient=&#8221;true&#8221; color_overlay=&#8221;rgba(0,0,0,0.94)&#8221; color_overlay_2=&#8221;#e20d0d&#8221; overlay_strength=&#8221;0.8&#8243; gradient_direction=&#8221;top_to_bottom&#8221; enable_shape_divider=&#8221;true&#8221;&#8230;<\/p>\n","protected":false},"author":1,"featured_media":0,"parent":0,"menu_order":0,"comment_status":"closed","ping_status":"closed","template":"","meta":{"footnotes":""},"class_list":["post-687","page","type-page","status-publish"],"_links":{"self":[{"href":"https:\/\/archiesguitaracademy.com\/fi\/wp-json\/wp\/v2\/pages\/687","targetHints":{"allow":["GET"]}}],"collection":[{"href":"https:\/\/archiesguitaracademy.com\/fi\/wp-json\/wp\/v2\/pages"}],"about":[{"href":"https:\/\/archiesguitaracademy.com\/fi\/wp-json\/wp\/v2\/types\/page"}],"author":[{"embeddable":true,"href":"https:\/\/archiesguitaracademy.com\/fi\/wp-json\/wp\/v2\/users\/1"}],"replies":[{"embeddable":true,"href":"https:\/\/archiesguitaracademy.com\/fi\/wp-json\/wp\/v2\/comments?post=687"}],"version-history":[{"count":12,"href":"https:\/\/archiesguitaracademy.com\/fi\/wp-json\/wp\/v2\/pages\/687\/revisions"}],"predecessor-version":[{"id":848,"href":"https:\/\/archiesguitaracademy.com\/fi\/wp-json\/wp\/v2\/pages\/687\/revisions\/848"}],"wp:attachment":[{"href":"https:\/\/archiesguitaracademy.com\/fi\/wp-json\/wp\/v2\/media?parent=687"}],"curies":[{"name":"wp","href":"https:\/\/api.w.org\/{rel}","templated":true}]}}