{"id":660,"date":"2025-01-21T12:06:29","date_gmt":"2025-01-21T10:06:29","guid":{"rendered":"https:\/\/archiesguitaracademy.com\/?post_type=product&#038;p=660"},"modified":"2025-02-19T11:42:15","modified_gmt":"2025-02-19T09:42:15","slug":"modes-package-masterclass","status":"publish","type":"product","link":"https:\/\/archiesguitaracademy.com\/fi\/tuote\/modes-package-masterclass\/","title":{"rendered":"Modes Package \/ Masterclass"},"content":{"rendered":"","protected":false},"excerpt":{"rendered":"<p><strong>Sis\u00e4lt\u00f6 k\u00e4ytett\u00e4viss\u00e4 kuukauden ajan ostoksesta.<\/strong><\/p>\n<p>Moodipaketissa Archie opettaa mit\u00e4 moodit ovat, demonstroi miten sovellat niit\u00e4 soittoosi, ja antaa sinulle taustanauhat itsen\u00e4ist\u00e4 harjoittelua varten.<\/p>\n<ul>\n<li>Dorian mode<\/li>\n<li>Mixolydian mode<\/li>\n<li>Ionian mode<\/li>\n<li>Aeolian mode<\/li>\n<li>Lydian mode<\/li>\n<li>Phrygian mode<\/li>\n<li>Phrygian dominant mode<\/li>\n<\/ul>\n<p><strong>HUOM! Tuotteen ostamisen (ja sis\u00e4\u00e4nkirjautumisen) j\u00e4lkeen Modes Package on saatavilla &#8220;Materiaalit&#8221; -osiossa.<\/strong><\/p>\n","protected":false},"featured_media":564,"template":"","meta":[],"product_brand":[],"product_cat":[35],"product_tag":[],"class_list":{"0":"post-660","1":"product","2":"type-product","3":"status-publish","4":"has-post-thumbnail","6":"product_cat-paketit","8":"first","9":"instock","10":"virtual","11":"sold-individually","12":"taxable","13":"purchasable","14":"product-type-simple"},"subscription_discounts_type":"fixed","fixed_subscription_discounts":[],"subscription_discounts_product_settings":{"layout":"default","default_variation":null},"subscription_discounts_roles_data":[],"percentage_subscription_discounts":[],"_links":{"self":[{"href":"https:\/\/archiesguitaracademy.com\/fi\/wp-json\/wp\/v2\/product\/660","targetHints":{"allow":["GET"]}}],"collection":[{"href":"https:\/\/archiesguitaracademy.com\/fi\/wp-json\/wp\/v2\/product"}],"about":[{"href":"https:\/\/archiesguitaracademy.com\/fi\/wp-json\/wp\/v2\/types\/product"}],"wp:featuredmedia":[{"embeddable":true,"href":"https:\/\/archiesguitaracademy.com\/fi\/wp-json\/wp\/v2\/media\/564"}],"wp:attachment":[{"href":"https:\/\/archiesguitaracademy.com\/fi\/wp-json\/wp\/v2\/media?parent=660"}],"wp:term":[{"taxonomy":"product_brand","embeddable":true,"href":"https:\/\/archiesguitaracademy.com\/fi\/wp-json\/wp\/v2\/product_brand?post=660"},{"taxonomy":"product_cat","embeddable":true,"href":"https:\/\/archiesguitaracademy.com\/fi\/wp-json\/wp\/v2\/product_cat?post=660"},{"taxonomy":"product_tag","embeddable":true,"href":"https:\/\/archiesguitaracademy.com\/fi\/wp-json\/wp\/v2\/product_tag?post=660"}],"curies":[{"name":"wp","href":"https:\/\/api.w.org\/{rel}","templated":true}]}}