{"id":661,"date":"2025-02-11T09:02:51","date_gmt":"2025-02-11T07:02:51","guid":{"rendered":"https:\/\/archiesguitaracademy.com\/?post_type=product&#038;p=661"},"modified":"2025-02-19T11:42:55","modified_gmt":"2025-02-19T09:42:55","slug":"vibrato-masterclass","status":"publish","type":"product","link":"https:\/\/archiesguitaracademy.com\/fi\/tuote\/vibrato-masterclass\/","title":{"rendered":"Vibrato Masterclass"},"content":{"rendered":"","protected":false},"excerpt":{"rendered":"<p><strong>Sis\u00e4lt\u00f6 k\u00e4ytett\u00e4viss\u00e4 kuukauden ajan ostoksesta.<\/strong><\/p>\n<p>Vibrato-mestarikurssilla Archie opettaa, kuinka kehitt\u00e4\u00e4 kaunis ja harmoninen vibrato ja demonstroi miten soveltaa sit\u00e4 soittoosi. T\u00e4ll\u00e4 kurssissa syvennymme my\u00f6s hieman bendailuun.<\/p>\n<ul>\n<li>Vibrato video<\/li>\n<li>Taustaraita<\/li>\n<\/ul>\n<p><strong>HUOM! Tuotteen ostamisen (ja sis\u00e4\u00e4nkirjautumisen) j\u00e4lkeen Vibrato Package on saatavilla &#8220;Omat materiaalit&#8221; -osiossa.<\/strong><\/p>\n","protected":false},"featured_media":562,"template":"","meta":[],"product_brand":[],"product_cat":[35],"product_tag":[],"class_list":{"0":"post-661","1":"product","2":"type-product","3":"status-publish","4":"has-post-thumbnail","6":"product_cat-paketit","8":"first","9":"instock","10":"virtual","11":"sold-individually","12":"taxable","13":"purchasable","14":"product-type-simple"},"subscription_discounts_type":"fixed","fixed_subscription_discounts":[],"subscription_discounts_product_settings":{"layout":"default","default_variation":null},"subscription_discounts_roles_data":[],"percentage_subscription_discounts":[],"_links":{"self":[{"href":"https:\/\/archiesguitaracademy.com\/fi\/wp-json\/wp\/v2\/product\/661","targetHints":{"allow":["GET"]}}],"collection":[{"href":"https:\/\/archiesguitaracademy.com\/fi\/wp-json\/wp\/v2\/product"}],"about":[{"href":"https:\/\/archiesguitaracademy.com\/fi\/wp-json\/wp\/v2\/types\/product"}],"wp:featuredmedia":[{"embeddable":true,"href":"https:\/\/archiesguitaracademy.com\/fi\/wp-json\/wp\/v2\/media\/562"}],"wp:attachment":[{"href":"https:\/\/archiesguitaracademy.com\/fi\/wp-json\/wp\/v2\/media?parent=661"}],"wp:term":[{"taxonomy":"product_brand","embeddable":true,"href":"https:\/\/archiesguitaracademy.com\/fi\/wp-json\/wp\/v2\/product_brand?post=661"},{"taxonomy":"product_cat","embeddable":true,"href":"https:\/\/archiesguitaracademy.com\/fi\/wp-json\/wp\/v2\/product_cat?post=661"},{"taxonomy":"product_tag","embeddable":true,"href":"https:\/\/archiesguitaracademy.com\/fi\/wp-json\/wp\/v2\/product_tag?post=661"}],"curies":[{"name":"wp","href":"https:\/\/api.w.org\/{rel}","templated":true}]}}