{"id":676,"date":"2025-02-11T09:03:53","date_gmt":"2025-02-11T07:03:53","guid":{"rendered":"https:\/\/archiesguitaracademy.com\/?post_type=product&#038;p=676"},"modified":"2025-02-19T11:59:30","modified_gmt":"2025-02-19T09:59:30","slug":"alternate-picking-masterclass","status":"publish","type":"product","link":"https:\/\/archiesguitaracademy.com\/fi\/tuote\/alternate-picking-masterclass\/","title":{"rendered":"Alternate Picking Masterclass Vol 1."},"content":{"rendered":"","protected":false},"excerpt":{"rendered":"<p><strong>Sis\u00e4lt\u00f6 k\u00e4ytett\u00e4viss\u00e4 kuukauden ajan ostoksesta.<\/strong><\/p>\n<p>Alternate Picking-mestarikurssilla Archie n\u00e4ytt\u00e4\u00e4, kuinka k\u00e4yt\u00e4t alternate pickingi\u00e4 tekniikan kehitt\u00e4mist\u00e4 vartavasten s\u00e4velletyss\u00e4 kappaleessa.<\/p>\n<ul>\n<li>Alternate picking video<\/li>\n<li>Taustaraita<\/li>\n<li>Tabulatuuri<\/li>\n<\/ul>\n<p><strong>HUOM! Tuotteen ostamisen (ja sis\u00e4\u00e4nkirjautumisen) j\u00e4lkeen Alternate Picking Package on saatavilla \u201cMateriaalit\u201d -osiossa.<\/strong><\/p>\n","protected":false},"featured_media":560,"template":"","meta":[],"product_brand":[],"product_cat":[35],"product_tag":[],"class_list":{"0":"post-676","1":"product","2":"type-product","3":"status-publish","4":"has-post-thumbnail","6":"product_cat-paketit","8":"first","9":"instock","10":"virtual","11":"sold-individually","12":"taxable","13":"purchasable","14":"product-type-simple"},"subscription_discounts_type":"fixed","fixed_subscription_discounts":[],"subscription_discounts_product_settings":{"layout":"default","default_variation":null},"subscription_discounts_roles_data":[],"percentage_subscription_discounts":[],"_links":{"self":[{"href":"https:\/\/archiesguitaracademy.com\/fi\/wp-json\/wp\/v2\/product\/676","targetHints":{"allow":["GET"]}}],"collection":[{"href":"https:\/\/archiesguitaracademy.com\/fi\/wp-json\/wp\/v2\/product"}],"about":[{"href":"https:\/\/archiesguitaracademy.com\/fi\/wp-json\/wp\/v2\/types\/product"}],"wp:featuredmedia":[{"embeddable":true,"href":"https:\/\/archiesguitaracademy.com\/fi\/wp-json\/wp\/v2\/media\/560"}],"wp:attachment":[{"href":"https:\/\/archiesguitaracademy.com\/fi\/wp-json\/wp\/v2\/media?parent=676"}],"wp:term":[{"taxonomy":"product_brand","embeddable":true,"href":"https:\/\/archiesguitaracademy.com\/fi\/wp-json\/wp\/v2\/product_brand?post=676"},{"taxonomy":"product_cat","embeddable":true,"href":"https:\/\/archiesguitaracademy.com\/fi\/wp-json\/wp\/v2\/product_cat?post=676"},{"taxonomy":"product_tag","embeddable":true,"href":"https:\/\/archiesguitaracademy.com\/fi\/wp-json\/wp\/v2\/product_tag?post=676"}],"curies":[{"name":"wp","href":"https:\/\/api.w.org\/{rel}","templated":true}]}}