{"id":678,"date":"2025-02-13T08:40:32","date_gmt":"2025-02-13T06:40:32","guid":{"rendered":"https:\/\/archiesguitaracademy.com\/?post_type=product&#038;p=678"},"modified":"2025-03-21T00:31:57","modified_gmt":"2025-03-20T22:31:57","slug":"vip-subscription","status":"publish","type":"product","link":"https:\/\/archiesguitaracademy.com\/fi\/tuote\/vip-subscription\/","title":{"rendered":"VIP Subscription"},"content":{"rendered":"","protected":false},"excerpt":{"rendered":"<p>Hanki VIP-j\u00e4senyys ja lunasta p\u00e4\u00e4sysi eksklusiivisiin sis\u00e4lt\u00f6ihin, joiden avulla opit paljon kitaransoiton erilaisista \u200b\u200btyyleist\u00e4 ja tekniikoista yhdess\u00e4 Archien kanssa.<\/p>\n<p><strong>VIP-j\u00e4senyys sis\u00e4lt\u00e4\u00e4:<\/strong><\/p>\n<ul>\n<li>P\u00e4\u00e4syn kaikkeen sis\u00e4lt\u00f6\u00f6n<\/li>\n<li>Plektra ja t-paita<\/li>\n<li>Kaksi 30 min\u00a0 TAI yksi 1 h kitaratuntia kuukaudessa, et\u00e4n\u00e4 (Zoom) tai l\u00e4hiopetuksena (Helsinki)<\/li>\n<\/ul>\n<p><strong>HUOM! Tilauksen ja sis\u00e4\u00e4nkirjautumisen j\u00e4lkeen kaikki materiaalit ovat saatavilla &#8220;Materiaalit&#8221; -osiossa.<\/strong><\/p>\n","protected":false},"featured_media":566,"template":"","meta":[],"product_brand":[],"product_cat":[36],"product_tag":[],"class_list":{"0":"post-678","1":"product","2":"type-product","3":"status-publish","4":"has-post-thumbnail","6":"product_cat-jasenyydet","8":"first","9":"instock","10":"sale","11":"virtual","12":"sold-individually","13":"taxable","14":"purchasable","15":"product-type-subscription"},"subscription_discounts_type":"fixed","fixed_subscription_discounts":{"1":"149.00","2":"199.00"},"subscription_discounts_product_settings":{"layout":"default","default_variation":null},"subscription_discounts_roles_data":[],"percentage_subscription_discounts":[],"_links":{"self":[{"href":"https:\/\/archiesguitaracademy.com\/fi\/wp-json\/wp\/v2\/product\/678","targetHints":{"allow":["GET"]}}],"collection":[{"href":"https:\/\/archiesguitaracademy.com\/fi\/wp-json\/wp\/v2\/product"}],"about":[{"href":"https:\/\/archiesguitaracademy.com\/fi\/wp-json\/wp\/v2\/types\/product"}],"wp:featuredmedia":[{"embeddable":true,"href":"https:\/\/archiesguitaracademy.com\/fi\/wp-json\/wp\/v2\/media\/566"}],"wp:attachment":[{"href":"https:\/\/archiesguitaracademy.com\/fi\/wp-json\/wp\/v2\/media?parent=678"}],"wp:term":[{"taxonomy":"product_brand","embeddable":true,"href":"https:\/\/archiesguitaracademy.com\/fi\/wp-json\/wp\/v2\/product_brand?post=678"},{"taxonomy":"product_cat","embeddable":true,"href":"https:\/\/archiesguitaracademy.com\/fi\/wp-json\/wp\/v2\/product_cat?post=678"},{"taxonomy":"product_tag","embeddable":true,"href":"https:\/\/archiesguitaracademy.com\/fi\/wp-json\/wp\/v2\/product_tag?post=678"}],"curies":[{"name":"wp","href":"https:\/\/api.w.org\/{rel}","templated":true}]}}