{"id":889,"date":"2025-03-20T14:56:33","date_gmt":"2025-03-20T12:56:33","guid":{"rendered":"https:\/\/archiesguitaracademy.com\/?post_type=product&#038;p=889"},"modified":"2025-03-20T22:24:59","modified_gmt":"2025-03-20T20:24:59","slug":"alternate-picking-masterclass-vol-1-copy","status":"publish","type":"product","link":"https:\/\/archiesguitaracademy.com\/fi\/tuote\/alternate-picking-masterclass-vol-1-copy\/","title":{"rendered":"Tapping Masterclass"},"content":{"rendered":"","protected":false},"excerpt":{"rendered":"<p><strong><strong>Content available for one month from purchase.<\/strong> <\/strong><\/p>\n<p>In this masterclass Archie demonstrates the using of tapping technique and gives you different approaches to add tapping into your tonal vocabulary.<\/p>\n<ul>\n<li>Tapping Masterclass video<\/li>\n<li>Backing track<\/li>\n<li>Tab<\/li>\n<\/ul>\n<p><strong><strong>NOTE! After purchasing the product (and logging in), the Tapping Masterclass is available in &#8216;My Materials&#8217; section.<\/strong>Sis\u00e4lt\u00f6 k\u00e4ytett\u00e4viss\u00e4 kuukauden ajan ostoksesta.<\/strong><\/p>\n","protected":false},"featured_media":945,"template":"","meta":[],"product_brand":[],"product_cat":[35],"product_tag":[],"class_list":{"0":"post-889","1":"product","2":"type-product","3":"status-publish","4":"has-post-thumbnail","6":"product_cat-paketit","8":"first","9":"instock","10":"virtual","11":"sold-individually","12":"taxable","13":"purchasable","14":"product-type-simple"},"subscription_discounts_type":"fixed","fixed_subscription_discounts":[],"subscription_discounts_product_settings":{"layout":"default","default_variation":null},"subscription_discounts_roles_data":[],"percentage_subscription_discounts":[],"_links":{"self":[{"href":"https:\/\/archiesguitaracademy.com\/fi\/wp-json\/wp\/v2\/product\/889","targetHints":{"allow":["GET"]}}],"collection":[{"href":"https:\/\/archiesguitaracademy.com\/fi\/wp-json\/wp\/v2\/product"}],"about":[{"href":"https:\/\/archiesguitaracademy.com\/fi\/wp-json\/wp\/v2\/types\/product"}],"wp:featuredmedia":[{"embeddable":true,"href":"https:\/\/archiesguitaracademy.com\/fi\/wp-json\/wp\/v2\/media\/945"}],"wp:attachment":[{"href":"https:\/\/archiesguitaracademy.com\/fi\/wp-json\/wp\/v2\/media?parent=889"}],"wp:term":[{"taxonomy":"product_brand","embeddable":true,"href":"https:\/\/archiesguitaracademy.com\/fi\/wp-json\/wp\/v2\/product_brand?post=889"},{"taxonomy":"product_cat","embeddable":true,"href":"https:\/\/archiesguitaracademy.com\/fi\/wp-json\/wp\/v2\/product_cat?post=889"},{"taxonomy":"product_tag","embeddable":true,"href":"https:\/\/archiesguitaracademy.com\/fi\/wp-json\/wp\/v2\/product_tag?post=889"}],"curies":[{"name":"wp","href":"https:\/\/api.w.org\/{rel}","templated":true}]}}